{"id":988,"date":"2021-03-24T13:15:08","date_gmt":"2021-03-24T12:15:08","guid":{"rendered":"https:\/\/mav.oasch.org\/?page_id=988"},"modified":"2021-03-27T14:46:11","modified_gmt":"2021-03-27T13:46:11","slug":"reinhard-sommer","status":"publish","type":"page","link":"https:\/\/modern-art-vienna.com\/en\/reinhard-sommer\/","title":{"rendered":"Reinhard Sommer"},"content":{"rendered":"","protected":false},"excerpt":{"rendered":"","protected":false},"author":1,"featured_media":0,"parent":0,"menu_order":0,"comment_status":"closed","ping_status":"closed","template":"","meta":{"_acf_changed":false,"_seopress_robots_primary_cat":"","_seopress_titles_title":"Reinhard Sommer | K\u00fcnstler bei Modern Art Vienna","_seopress_titles_desc":"Infos \u00fcber den K\u00fcnstler Reinhard Sommer \u2714 Geboren 1961 in Wien \u2714 Durch Rakeltechnik sowie Icon Gold Pigment zur Einzigartigkeit\u2714","_seopress_robots_index":"","inline_featured_image":false,"footnotes":""},"hf_cat_page":[],"class_list":["post-988","page","type-page","status-publish","hentry"],"acf":[],"_links":{"self":[{"href":"https:\/\/modern-art-vienna.com\/en\/wp-json\/wp\/v2\/pages\/988","targetHints":{"allow":["GET"]}}],"collection":[{"href":"https:\/\/modern-art-vienna.com\/en\/wp-json\/wp\/v2\/pages"}],"about":[{"href":"https:\/\/modern-art-vienna.com\/en\/wp-json\/wp\/v2\/types\/page"}],"author":[{"embeddable":true,"href":"https:\/\/modern-art-vienna.com\/en\/wp-json\/wp\/v2\/users\/1"}],"replies":[{"embeddable":true,"href":"https:\/\/modern-art-vienna.com\/en\/wp-json\/wp\/v2\/comments?post=988"}],"version-history":[{"count":1,"href":"https:\/\/modern-art-vienna.com\/en\/wp-json\/wp\/v2\/pages\/988\/revisions"}],"predecessor-version":[{"id":990,"href":"https:\/\/modern-art-vienna.com\/en\/wp-json\/wp\/v2\/pages\/988\/revisions\/990"}],"wp:attachment":[{"href":"https:\/\/modern-art-vienna.com\/en\/wp-json\/wp\/v2\/media?parent=988"}],"wp:term":[{"taxonomy":"hf_cat_page","embeddable":true,"href":"https:\/\/modern-art-vienna.com\/en\/wp-json\/wp\/v2\/hf_cat_page?post=988"}],"curies":[{"name":"wp","href":"https:\/\/api.w.org\/{rel}","templated":true}]}}