{"id":1316,"date":"2022-07-19T12:33:22","date_gmt":"2022-07-19T10:33:22","guid":{"rendered":"https:\/\/modern-art-vienna.com\/?post_type=product&#038;p=1316"},"modified":"2022-07-19T13:27:19","modified_gmt":"2022-07-19T11:27:19","slug":"fire-one","status":"publish","type":"product","link":"https:\/\/modern-art-vienna.com\/en\/artworks\/fire-one\/","title":{"rendered":"Fire One"},"content":{"rendered":"<p>Work of art: <strong>Fire One<\/strong><\/p>\n<p>&nbsp;<\/p>\n<p>The work deals intensively with the coloring.<\/p>\n<p>Here the artist chooses ways that are detached from the representational.<\/p>\n<p>&nbsp;<\/p>\n<p>The power of colors bundled on canvas with the squeegee technique set in Relatin<\/p>\n<p>The artist works very much with the squeegee, combining contrasts and<\/p>\n<p>color structures with it to use the mirror effect for the spatial environment.<\/p>\n<p>&nbsp;<\/p>\n<p>This picture, by the artist Reinhard Sommer is from his series<\/p>\n<p>\"The fantastic world of the ordered disorder of life in color waves\"<\/p>\n<p>&nbsp;<\/p>\n<p>The artist creates his works of art in large formats 80 x 80 cm<\/p>\n<p>This size is perfect for bringing the art into the room.<\/p>","protected":false},"excerpt":{"rendered":"<p>Kunstwerk: Fire One &nbsp; Die Arbeiten besch\u00e4ftigen sich intensiv mit der Farbgebung. Hier geht der K\u00fcnstler Wege, die losgel\u00f6st sind vom Gegenst\u00e4ndlichen. &nbsp; Die Kraft der Farben geb\u00fcndelt auf Leinwand mit der Rakeltechnik in Relatin gesetzt Der K\u00fcnstler arbeitet sehr gerne mit der Rakel, indem er Kontraste und Farbstrukturen damit verbindet um den Spiegeleffekt f\u00fcr [&hellip;]<\/p>\n","protected":false},"featured_media":1339,"template":"","meta":{"_acf_changed":false,"_seopress_robots_primary_cat":"none","_seopress_titles_title":"","_seopress_titles_desc":"","_seopress_robots_index":"","inline_featured_image":false},"product_brand":[],"product_cat":[30],"product_tag":[],"kuenstler":[],"hf_cat_product":[],"class_list":{"0":"post-1316","1":"product","2":"type-product","3":"status-publish","4":"has-post-thumbnail","6":"product_cat-reinhard-sommer","8":"first","9":"instock","10":"sold-individually","11":"taxable","12":"shipping-taxable","13":"purchasable","14":"product-type-simple"},"acf":[],"_links":{"self":[{"href":"https:\/\/modern-art-vienna.com\/en\/wp-json\/wp\/v2\/product\/1316","targetHints":{"allow":["GET"]}}],"collection":[{"href":"https:\/\/modern-art-vienna.com\/en\/wp-json\/wp\/v2\/product"}],"about":[{"href":"https:\/\/modern-art-vienna.com\/en\/wp-json\/wp\/v2\/types\/product"}],"wp:featuredmedia":[{"embeddable":true,"href":"https:\/\/modern-art-vienna.com\/en\/wp-json\/wp\/v2\/media\/1339"}],"wp:attachment":[{"href":"https:\/\/modern-art-vienna.com\/en\/wp-json\/wp\/v2\/media?parent=1316"}],"wp:term":[{"taxonomy":"product_brand","embeddable":true,"href":"https:\/\/modern-art-vienna.com\/en\/wp-json\/wp\/v2\/product_brand?post=1316"},{"taxonomy":"product_cat","embeddable":true,"href":"https:\/\/modern-art-vienna.com\/en\/wp-json\/wp\/v2\/product_cat?post=1316"},{"taxonomy":"product_tag","embeddable":true,"href":"https:\/\/modern-art-vienna.com\/en\/wp-json\/wp\/v2\/product_tag?post=1316"},{"taxonomy":"kuenstler","embeddable":true,"href":"https:\/\/modern-art-vienna.com\/en\/wp-json\/wp\/v2\/kuenstler?post=1316"},{"taxonomy":"hf_cat_product","embeddable":true,"href":"https:\/\/modern-art-vienna.com\/en\/wp-json\/wp\/v2\/hf_cat_product?post=1316"}],"curies":[{"name":"wp","href":"https:\/\/api.w.org\/{rel}","templated":true}]}}