{"id":141,"date":"2021-03-08T21:26:51","date_gmt":"2021-03-08T20:26:51","guid":{"rendered":"https:\/\/mav.oasch.org\/produkt\/color-total\/"},"modified":"2022-01-01T00:06:35","modified_gmt":"2021-12-31T23:06:35","slug":"color-total","status":"publish","type":"product","link":"https:\/\/modern-art-vienna.com\/en\/artworks\/color-total\/","title":{"rendered":"Color Total"},"content":{"rendered":"<p>Work of art:\u00a0 \u00a0 <strong>Color Total<\/strong><\/p>\n<p>&nbsp;<\/p>\n<p>Here the artist chooses ways that are detached from the representational.<\/p>\n<p>His work deals intensively with color.<\/p>\n<p>&nbsp;<\/p>\n<p>The constants of all colors come together to appear strong, clear and rich as a whole.<\/p>\n<p>Enjoy life to the full.<\/p>\n<p>&nbsp;<\/p>\n<p>This picture, by the artist Reinhard Sommer is from his series<\/p>\n<p>\"The fantastic world of the ordered disorder of life in color waves\"<\/p>\n<p>&nbsp;<\/p>\n<p>The artist creates his works in large formats of 215 x 150 cm.<\/p>\n<p>This size is perfect for bringing the art into the room.<\/p>","protected":false},"excerpt":{"rendered":"<p>Kunstwerk:\u00a0 \u00a0 Color Total &nbsp; Hier geht der K\u00fcnstler Wege, die losgel\u00f6st sind vom Gegenst\u00e4ndlichen. Seine Arbeiten \u00a0besch\u00e4ftigen sich intensiv mit der Farbgebung. &nbsp; Die Konstante aller Farben treffen aufeinander um kr\u00e4ftig, klar und satt im Ganzen zu erscheinen.\u00a0 Das Leben als Ganzes genie\u00dfen. &nbsp; Dieses Bild stammt vom K\u00fcnstler Reinhard Sommer aus der Serie [&hellip;]<\/p>\n","protected":false},"featured_media":142,"template":"","meta":{"_acf_changed":false,"_seopress_robots_primary_cat":"none","_seopress_titles_title":"","_seopress_titles_desc":"","_seopress_robots_index":"","inline_featured_image":false},"product_brand":[],"product_cat":[30],"product_tag":[],"kuenstler":[29],"hf_cat_product":[],"class_list":{"0":"post-141","1":"product","2":"type-product","3":"status-publish","4":"has-post-thumbnail","6":"product_cat-reinhard-sommer","7":"kuenstler-reinhard-sommer","9":"first","10":"instock","11":"sold-individually","12":"purchasable","13":"product-type-simple"},"acf":[],"_links":{"self":[{"href":"https:\/\/modern-art-vienna.com\/en\/wp-json\/wp\/v2\/product\/141","targetHints":{"allow":["GET"]}}],"collection":[{"href":"https:\/\/modern-art-vienna.com\/en\/wp-json\/wp\/v2\/product"}],"about":[{"href":"https:\/\/modern-art-vienna.com\/en\/wp-json\/wp\/v2\/types\/product"}],"wp:featuredmedia":[{"embeddable":true,"href":"https:\/\/modern-art-vienna.com\/en\/wp-json\/wp\/v2\/media\/142"}],"wp:attachment":[{"href":"https:\/\/modern-art-vienna.com\/en\/wp-json\/wp\/v2\/media?parent=141"}],"wp:term":[{"taxonomy":"product_brand","embeddable":true,"href":"https:\/\/modern-art-vienna.com\/en\/wp-json\/wp\/v2\/product_brand?post=141"},{"taxonomy":"product_cat","embeddable":true,"href":"https:\/\/modern-art-vienna.com\/en\/wp-json\/wp\/v2\/product_cat?post=141"},{"taxonomy":"product_tag","embeddable":true,"href":"https:\/\/modern-art-vienna.com\/en\/wp-json\/wp\/v2\/product_tag?post=141"},{"taxonomy":"kuenstler","embeddable":true,"href":"https:\/\/modern-art-vienna.com\/en\/wp-json\/wp\/v2\/kuenstler?post=141"},{"taxonomy":"hf_cat_product","embeddable":true,"href":"https:\/\/modern-art-vienna.com\/en\/wp-json\/wp\/v2\/hf_cat_product?post=141"}],"curies":[{"name":"wp","href":"https:\/\/api.w.org\/{rel}","templated":true}]}}