{"id":292,"date":"2021-03-08T21:26:51","date_gmt":"2021-03-08T20:26:51","guid":{"rendered":"https:\/\/mav.oasch.org\/produkt\/gold-69\/"},"modified":"2022-01-01T00:06:49","modified_gmt":"2021-12-31T23:06:49","slug":"gold-69","status":"publish","type":"product","link":"https:\/\/modern-art-vienna.com\/en\/artworks\/gold-69\/","title":{"rendered":"Gold 69"},"content":{"rendered":"<p>Work of art:\u00a0 \u00a0<strong>Gold 69<\/strong><\/p>\n<p>&nbsp;<\/p>\n<p>Here the artist chooses ways that are detached from the representational.<\/p>\n<p>His work deals intensively with color.<\/p>\n<p>&nbsp;<\/p>\n<p>Rot und Orange der feurige Hintergrund wird mit Icongold<\/p>\n<p>The Art is strong and dominates the the room.<\/p>\n<p>&nbsp;<\/p>\n<p>This picture, by the artist Reinhard Sommer is from his series<\/p>\n<p>\"The fantastic world of the ordered disorder of life in color waves\"<\/p>\n<p>&nbsp;<\/p>\n<p>The artist creates his works in large formats of 215 x 150 cm.<\/p>\n<p>This size is perfect for bringing the art into the room.<\/p>","protected":false},"excerpt":{"rendered":"<p>Kunstwerk:\u00a0 \u00a0Gold 69 &nbsp; Hier geht der K\u00fcnstler Wege, die losgel\u00f6st sind vom Gegenst\u00e4ndlichen. Seine Arbeiten \u00a0besch\u00e4ftigen sich intensiv mit der Farbgebung. &nbsp; Rot und Orange der feurige Hintergrund wird mit Icongold veredelt. Stark und dominant steht die Kunst im Raum. &nbsp; Dieses Bild stammt vom K\u00fcnstler Reinhard Sommer aus der Serie \"Die fantastische Welt [&hellip;]<\/p>\n","protected":false},"featured_media":293,"template":"","meta":{"_acf_changed":false,"_seopress_robots_primary_cat":"none","_seopress_titles_title":"","_seopress_titles_desc":"","_seopress_robots_index":"","inline_featured_image":false},"product_brand":[],"product_cat":[30],"product_tag":[],"kuenstler":[29],"hf_cat_product":[],"class_list":{"0":"post-292","1":"product","2":"type-product","3":"status-publish","4":"has-post-thumbnail","6":"product_cat-reinhard-sommer","7":"kuenstler-reinhard-sommer","9":"first","10":"instock","11":"sold-individually","12":"taxable","13":"shipping-taxable","14":"purchasable","15":"product-type-simple"},"acf":[],"_links":{"self":[{"href":"https:\/\/modern-art-vienna.com\/en\/wp-json\/wp\/v2\/product\/292","targetHints":{"allow":["GET"]}}],"collection":[{"href":"https:\/\/modern-art-vienna.com\/en\/wp-json\/wp\/v2\/product"}],"about":[{"href":"https:\/\/modern-art-vienna.com\/en\/wp-json\/wp\/v2\/types\/product"}],"wp:featuredmedia":[{"embeddable":true,"href":"https:\/\/modern-art-vienna.com\/en\/wp-json\/wp\/v2\/media\/293"}],"wp:attachment":[{"href":"https:\/\/modern-art-vienna.com\/en\/wp-json\/wp\/v2\/media?parent=292"}],"wp:term":[{"taxonomy":"product_brand","embeddable":true,"href":"https:\/\/modern-art-vienna.com\/en\/wp-json\/wp\/v2\/product_brand?post=292"},{"taxonomy":"product_cat","embeddable":true,"href":"https:\/\/modern-art-vienna.com\/en\/wp-json\/wp\/v2\/product_cat?post=292"},{"taxonomy":"product_tag","embeddable":true,"href":"https:\/\/modern-art-vienna.com\/en\/wp-json\/wp\/v2\/product_tag?post=292"},{"taxonomy":"kuenstler","embeddable":true,"href":"https:\/\/modern-art-vienna.com\/en\/wp-json\/wp\/v2\/kuenstler?post=292"},{"taxonomy":"hf_cat_product","embeddable":true,"href":"https:\/\/modern-art-vienna.com\/en\/wp-json\/wp\/v2\/hf_cat_product?post=292"}],"curies":[{"name":"wp","href":"https:\/\/api.w.org\/{rel}","templated":true}]}}