{"id":688,"date":"2021-03-08T21:26:55","date_gmt":"2021-03-08T20:26:55","guid":{"rendered":"https:\/\/mav.oasch.org\/produkt\/sexy-ida\/"},"modified":"2022-01-01T00:06:44","modified_gmt":"2021-12-31T23:06:44","slug":"sexy-ida","status":"publish","type":"product","link":"https:\/\/modern-art-vienna.com\/en\/artworks\/sexy-ida\/","title":{"rendered":"Sexy Ida"},"content":{"rendered":"<p>Work of art: <strong>Sexy Ida<\/strong><\/p>\n<p>&nbsp;<\/p>\n<p>Here the artist treads paths that are detached from the representational.<br \/>\nHis work deals intensively with coloring.<\/p>\n<p>&nbsp;<\/p>\n<p>Red and orange shaded in the background.<\/p>\n<p>The icon gold focuses the audience on the essence.<\/p>\n<p>The picture reflects the question of all questions.<\/p>\n<p>&nbsp;<\/p>\n<p>This picture, by the artist Reinhard Sommer is from his series<br \/>\n\"The fantastic world of the ordered disorder of life in color waves\"<\/p>\n<p>The artist creates his works in large formats of 215 x 150 cm<br \/>\nThis size is perfect for bringing the art into the room.<\/p>","protected":false},"excerpt":{"rendered":"<p>Kunstwerk: Sexy Ida &nbsp; Hier geht der K\u00fcnstler Wege, die los gel\u00f6st sind vom Gegenst\u00e4ndlichen. Seine Arbeiten besch\u00e4ftigen sich intensiv mit der Farbgebung. &nbsp; Rot und Orange schattiert im Hintergrund. Das Icongold gibt die Sicht auf das Wesentliche, frei. Das Bild spiegelt die Frage aller Fragen. &nbsp; Dieses Bild stammt vom K\u00fcnstler Reinhard Sommer aus [&hellip;]<\/p>\n","protected":false},"featured_media":689,"template":"","meta":{"_acf_changed":false,"_seopress_robots_primary_cat":"none","_seopress_titles_title":"","_seopress_titles_desc":"","_seopress_robots_index":"","inline_featured_image":false},"product_brand":[],"product_cat":[30],"product_tag":[],"kuenstler":[29],"hf_cat_product":[],"class_list":{"0":"post-688","1":"product","2":"type-product","3":"status-publish","4":"has-post-thumbnail","6":"product_cat-reinhard-sommer","7":"kuenstler-reinhard-sommer","9":"first","10":"instock","11":"sold-individually","12":"taxable","13":"shipping-taxable","14":"purchasable","15":"product-type-simple"},"acf":[],"_links":{"self":[{"href":"https:\/\/modern-art-vienna.com\/en\/wp-json\/wp\/v2\/product\/688","targetHints":{"allow":["GET"]}}],"collection":[{"href":"https:\/\/modern-art-vienna.com\/en\/wp-json\/wp\/v2\/product"}],"about":[{"href":"https:\/\/modern-art-vienna.com\/en\/wp-json\/wp\/v2\/types\/product"}],"wp:featuredmedia":[{"embeddable":true,"href":"https:\/\/modern-art-vienna.com\/en\/wp-json\/wp\/v2\/media\/689"}],"wp:attachment":[{"href":"https:\/\/modern-art-vienna.com\/en\/wp-json\/wp\/v2\/media?parent=688"}],"wp:term":[{"taxonomy":"product_brand","embeddable":true,"href":"https:\/\/modern-art-vienna.com\/en\/wp-json\/wp\/v2\/product_brand?post=688"},{"taxonomy":"product_cat","embeddable":true,"href":"https:\/\/modern-art-vienna.com\/en\/wp-json\/wp\/v2\/product_cat?post=688"},{"taxonomy":"product_tag","embeddable":true,"href":"https:\/\/modern-art-vienna.com\/en\/wp-json\/wp\/v2\/product_tag?post=688"},{"taxonomy":"kuenstler","embeddable":true,"href":"https:\/\/modern-art-vienna.com\/en\/wp-json\/wp\/v2\/kuenstler?post=688"},{"taxonomy":"hf_cat_product","embeddable":true,"href":"https:\/\/modern-art-vienna.com\/en\/wp-json\/wp\/v2\/hf_cat_product?post=688"}],"curies":[{"name":"wp","href":"https:\/\/api.w.org\/{rel}","templated":true}]}}