{"id":709,"date":"2021-03-08T21:26:55","date_gmt":"2021-03-08T20:26:55","guid":{"rendered":"https:\/\/mav.oasch.org\/produkt\/funky-gold\/"},"modified":"2022-01-01T00:06:46","modified_gmt":"2021-12-31T23:06:46","slug":"funky-gold","status":"publish","type":"product","link":"https:\/\/modern-art-vienna.com\/en\/artworks\/funky-gold\/","title":{"rendered":"Funky Gold"},"content":{"rendered":"<p>Work of art: <strong>Funky Gold<\/strong><\/p>\n<p>&nbsp;<\/p>\n<p>The work deals intensively with the coloring.<\/p>\n<p>Here the artist chooses ways that are detached from the representational.<\/p>\n<p>&nbsp;<\/p>\n<p>Orange covered in double with icon gold, show the dream of the play of colors.<\/p>\n<p>The artist likes to work a lot with icon gold by gilding contrasts and color structures in order to use the mirror effect for the spatial environment.<\/p>\n<p>Farbstrukturen damit vergoldet um den Spiegeleffekt f\u00fcr das r\u00e4umliche Umfeld\u00a0 zu n\u00fctzen.<\/p>\n<p>&nbsp;<\/p>\n<p>This picture, by the artist Reinhard Sommer is from his series<\/p>\n<p>\"The fantastic world of the ordered disorder of life in color waves\"<\/p>\n<p>&nbsp;<\/p>\n<p>The artist creates his works in large formats of 215 x 150 cm.<\/p>\n<p>This size is perfect for bringing the art into the room.<\/p>","protected":false},"excerpt":{"rendered":"<p>Kunstwerk: Funky Gold &nbsp; Die Arbeiten besch\u00e4ftigen sich intensiv mit der Farbgebung. Hier geht der K\u00fcnstler Wege, die losgel\u00f6st sind vom Gegenst\u00e4ndlichen. &nbsp; Orange im Doppel mit Icongold gedeckt, zeigen den Traum des Farbenspiels. Der K\u00fcnstler arbeitet sehr gerne und viel mit Icongold, indem er Kontraste und Farbstrukturen damit vergoldet um den Spiegeleffekt f\u00fcr das [&hellip;]<\/p>\n","protected":false},"featured_media":710,"template":"","meta":{"_acf_changed":false,"_seopress_robots_primary_cat":"none","_seopress_titles_title":"","_seopress_titles_desc":"","_seopress_robots_index":"","inline_featured_image":false},"product_brand":[],"product_cat":[30],"product_tag":[],"kuenstler":[29],"hf_cat_product":[],"class_list":{"0":"post-709","1":"product","2":"type-product","3":"status-publish","4":"has-post-thumbnail","6":"product_cat-reinhard-sommer","7":"kuenstler-reinhard-sommer","9":"first","10":"instock","11":"sold-individually","12":"taxable","13":"shipping-taxable","14":"purchasable","15":"product-type-simple"},"acf":[],"_links":{"self":[{"href":"https:\/\/modern-art-vienna.com\/en\/wp-json\/wp\/v2\/product\/709","targetHints":{"allow":["GET"]}}],"collection":[{"href":"https:\/\/modern-art-vienna.com\/en\/wp-json\/wp\/v2\/product"}],"about":[{"href":"https:\/\/modern-art-vienna.com\/en\/wp-json\/wp\/v2\/types\/product"}],"wp:featuredmedia":[{"embeddable":true,"href":"https:\/\/modern-art-vienna.com\/en\/wp-json\/wp\/v2\/media\/710"}],"wp:attachment":[{"href":"https:\/\/modern-art-vienna.com\/en\/wp-json\/wp\/v2\/media?parent=709"}],"wp:term":[{"taxonomy":"product_brand","embeddable":true,"href":"https:\/\/modern-art-vienna.com\/en\/wp-json\/wp\/v2\/product_brand?post=709"},{"taxonomy":"product_cat","embeddable":true,"href":"https:\/\/modern-art-vienna.com\/en\/wp-json\/wp\/v2\/product_cat?post=709"},{"taxonomy":"product_tag","embeddable":true,"href":"https:\/\/modern-art-vienna.com\/en\/wp-json\/wp\/v2\/product_tag?post=709"},{"taxonomy":"kuenstler","embeddable":true,"href":"https:\/\/modern-art-vienna.com\/en\/wp-json\/wp\/v2\/kuenstler?post=709"},{"taxonomy":"hf_cat_product","embeddable":true,"href":"https:\/\/modern-art-vienna.com\/en\/wp-json\/wp\/v2\/hf_cat_product?post=709"}],"curies":[{"name":"wp","href":"https:\/\/api.w.org\/{rel}","templated":true}]}}