{"id":719,"date":"2021-03-08T21:26:55","date_gmt":"2021-03-08T20:26:55","guid":{"rendered":"https:\/\/mav.oasch.org\/produkt\/golden-camera\/"},"modified":"2022-01-01T00:06:47","modified_gmt":"2021-12-31T23:06:47","slug":"golden-camera","status":"publish","type":"product","link":"https:\/\/modern-art-vienna.com\/en\/artworks\/golden-camera\/","title":{"rendered":"Golden Camera"},"content":{"rendered":"<p>Work of art: <strong>Golden Camera<\/strong><\/p>\n<p>&nbsp;<\/p>\n<p>Here the artist treads paths that are detached from the representational.<br \/>\nHis work deals intensively with coloring.<\/p>\n<p>&nbsp;<\/p>\n<p>The canvas turns green, and calm flows in.<\/p>\n<p>The icon gold gives strength to the structure and creates brilliance of the moment for the work of art..<\/p>\n<p>&nbsp;<\/p>\n<p>This picture, by the artist Reinhard Sommer is from his series<br \/>\n\"The fantastic world of the ordered disorder of life in color waves\"<\/p>\n<p>The artist creates his works in large formats of 215 x 150 cm<br \/>\nThis size is perfect for bringing the art into the room.<br \/>\nDue to its size, the work of art will be shipped rolled in a mailing tube.<\/p>\n<p>&nbsp;<\/p>","protected":false},"excerpt":{"rendered":"<p>Kunstwerk: Golden Camera &nbsp; Hier geht der K\u00fcnstler Wege, die los gel\u00f6st sind vom Gegenst\u00e4ndlichen. Seine Arbeiten besch\u00e4ftigen sich intensiv mit der Farbgebung. &nbsp; Gr\u00fcn f\u00e4rbt sich die Leinwand, die Ruhe flie\u00dft ein. Das Icongold festig die Struktur und verleiht dem Kunstwerk die Brillanz des Augenblicks. &nbsp; Dieses Bild stammt vom K\u00fcnstler Reinhard Sommer aus [&hellip;]<\/p>\n","protected":false},"featured_media":720,"template":"","meta":{"_acf_changed":false,"_seopress_robots_primary_cat":"none","_seopress_titles_title":"","_seopress_titles_desc":"","_seopress_robots_index":"","inline_featured_image":false},"product_brand":[],"product_cat":[30],"product_tag":[],"kuenstler":[29],"hf_cat_product":[],"class_list":{"0":"post-719","1":"product","2":"type-product","3":"status-publish","4":"has-post-thumbnail","6":"product_cat-reinhard-sommer","7":"kuenstler-reinhard-sommer","9":"first","10":"instock","11":"sold-individually","12":"taxable","13":"shipping-taxable","14":"purchasable","15":"product-type-simple"},"acf":[],"_links":{"self":[{"href":"https:\/\/modern-art-vienna.com\/en\/wp-json\/wp\/v2\/product\/719","targetHints":{"allow":["GET"]}}],"collection":[{"href":"https:\/\/modern-art-vienna.com\/en\/wp-json\/wp\/v2\/product"}],"about":[{"href":"https:\/\/modern-art-vienna.com\/en\/wp-json\/wp\/v2\/types\/product"}],"wp:featuredmedia":[{"embeddable":true,"href":"https:\/\/modern-art-vienna.com\/en\/wp-json\/wp\/v2\/media\/720"}],"wp:attachment":[{"href":"https:\/\/modern-art-vienna.com\/en\/wp-json\/wp\/v2\/media?parent=719"}],"wp:term":[{"taxonomy":"product_brand","embeddable":true,"href":"https:\/\/modern-art-vienna.com\/en\/wp-json\/wp\/v2\/product_brand?post=719"},{"taxonomy":"product_cat","embeddable":true,"href":"https:\/\/modern-art-vienna.com\/en\/wp-json\/wp\/v2\/product_cat?post=719"},{"taxonomy":"product_tag","embeddable":true,"href":"https:\/\/modern-art-vienna.com\/en\/wp-json\/wp\/v2\/product_tag?post=719"},{"taxonomy":"kuenstler","embeddable":true,"href":"https:\/\/modern-art-vienna.com\/en\/wp-json\/wp\/v2\/kuenstler?post=719"},{"taxonomy":"hf_cat_product","embeddable":true,"href":"https:\/\/modern-art-vienna.com\/en\/wp-json\/wp\/v2\/hf_cat_product?post=719"}],"curies":[{"name":"wp","href":"https:\/\/api.w.org\/{rel}","templated":true}]}}